{"id":303,"date":"2025-03-07T13:42:38","date_gmt":"2025-03-07T12:42:38","guid":{"rendered":"https:\/\/eko-agro.pl\/?page_id=303"},"modified":"2025-03-07T13:47:45","modified_gmt":"2025-03-07T12:47:45","slug":"pszenzyto","status":"publish","type":"page","link":"https:\/\/eko-agro.pl\/?page_id=303","title":{"rendered":"Pszen\u017cyto"},"content":{"rendered":"\t\t<div data-elementor-type=\"wp-page\" data-elementor-id=\"303\" class=\"elementor elementor-303\">\n\t\t\t\t<div class=\"elementor-element elementor-element-e032f65 e-flex e-con-boxed e-con e-parent\" data-id=\"e032f65\" data-element_type=\"container\">\n\t\t\t\t\t<div class=\"e-con-inner\">\n\t\t<div class=\"elementor-element elementor-element-a89806f e-con-full e-flex e-con e-child\" data-id=\"a89806f\" data-element_type=\"container\">\n\t\t\t\t<div class=\"elementor-element elementor-element-1e90a60 elementor-widget elementor-widget-text-editor\" data-id=\"1e90a60\" data-element_type=\"widget\" data-widget_type=\"text-editor.default\">\n\t\t\t\t<div class=\"elementor-widget-container\">\n\t\t\t\t\t\t\t\t\t<h3 data-start=\"0\" data-end=\"41\">Pszen\u017cyto \u2013 Wydajne i odporne zbo\u017ce<\/h3><p data-start=\"43\" data-end=\"301\"><strong data-start=\"43\" data-end=\"56\">Pszen\u017cyto<\/strong> to zbo\u017ce b\u0119d\u0105ce krzy\u017c\u00f3wk\u0105 pszenicy i \u017cyta, \u0142\u0105cz\u0105ce w sobie cechy obu gatunk\u00f3w. Jest cenione za wysok\u0105 odporno\u015b\u0107 na trudne warunki glebowe oraz dobre plonowanie. Znajduje zastosowanie zar\u00f3wno w produkcji paszowej, jak i w przemy\u015ble spo\u017cywczym.<\/p><h3 data-start=\"303\" data-end=\"326\">Zalety pszen\u017cyta:<\/h3><p data-start=\"328\" data-end=\"723\">\u2714 <strong data-start=\"330\" data-end=\"350\">Wysoka odporno\u015b\u0107<\/strong> \u2013 Dobrze znosi niskie temperatury, ubogie gleby oraz okresowe susze.<br data-start=\"419\" data-end=\"422\" \/>\u2714 <strong data-start=\"424\" data-end=\"444\">Dobre plonowanie<\/strong> \u2013 Odpowiednia uprawa pozwala uzyska\u0107 wysokie plony o dobrej jako\u015bci.<br data-start=\"513\" data-end=\"516\" \/>\u2714 <strong data-start=\"518\" data-end=\"539\">Warto\u015bciowa pasza<\/strong> \u2013 Pszen\u017cyto jest bogate w bia\u0142ko i korzystne sk\u0142adniki od\u017cywcze dla zwierz\u0105t.<br data-start=\"617\" data-end=\"620\" \/>\u2714 <strong data-start=\"622\" data-end=\"649\">Elastyczno\u015b\u0107 zastosowa\u0144<\/strong> \u2013 Wykorzystywane w \u017cywieniu zwierz\u0105t oraz do produkcji m\u0105ki i alkoholu.<\/p>\t\t\t\t\t\t\t\t<\/div>\n\t\t\t\t<\/div>\n\t\t\t\t<\/div>\n\t\t<div class=\"elementor-element elementor-element-ad78297 e-con-full e-flex e-con e-child\" data-id=\"ad78297\" data-element_type=\"container\">\n\t\t\t\t<div class=\"elementor-element elementor-element-787438e elementor-widget elementor-widget-image\" data-id=\"787438e\" data-element_type=\"widget\" data-widget_type=\"image.default\">\n\t\t\t\t<div class=\"elementor-widget-container\">\n\t\t\t\t\t\t\t\t\t\t\t\t\t\t\t<img fetchpriority=\"high\" decoding=\"async\" width=\"640\" height=\"494\" src=\"https:\/\/eko-agro.pl\/wp-content\/uploads\/2025\/03\/pszenzyto-1024x791.jpg\" class=\"attachment-large size-large wp-image-307\" alt=\"\" srcset=\"https:\/\/eko-agro.pl\/wp-content\/uploads\/2025\/03\/pszenzyto-1024x791.jpg 1024w, https:\/\/eko-agro.pl\/wp-content\/uploads\/2025\/03\/pszenzyto-300x232.jpg 300w, https:\/\/eko-agro.pl\/wp-content\/uploads\/2025\/03\/pszenzyto-768x593.jpg 768w, https:\/\/eko-agro.pl\/wp-content\/uploads\/2025\/03\/pszenzyto-1536x1186.jpg 1536w, https:\/\/eko-agro.pl\/wp-content\/uploads\/2025\/03\/pszenzyto.jpg 2048w\" sizes=\"(max-width: 640px) 100vw, 640px\" \/>\t\t\t\t\t\t\t\t\t\t\t\t\t\t\t<\/div>\n\t\t\t\t<\/div>\n\t\t\t\t<\/div>\n\t\t<div class=\"elementor-element elementor-element-6c1a04a e-con-full e-flex e-con e-child\" data-id=\"6c1a04a\" data-element_type=\"container\">\n\t\t\t\t<div class=\"elementor-element elementor-element-a984353 elementor-widget elementor-widget-image\" data-id=\"a984353\" data-element_type=\"widget\" data-widget_type=\"image.default\">\n\t\t\t\t<div class=\"elementor-widget-container\">\n\t\t\t\t\t\t\t\t\t\t\t\t\t\t\t<img decoding=\"async\" width=\"640\" height=\"640\" src=\"https:\/\/eko-agro.pl\/wp-content\/uploads\/2025\/03\/pszenzyto1-1024x1024.webp\" class=\"attachment-large size-large wp-image-309\" alt=\"\" srcset=\"https:\/\/eko-agro.pl\/wp-content\/uploads\/2025\/03\/pszenzyto1-1024x1024.webp 1024w, https:\/\/eko-agro.pl\/wp-content\/uploads\/2025\/03\/pszenzyto1-300x300.webp 300w, https:\/\/eko-agro.pl\/wp-content\/uploads\/2025\/03\/pszenzyto1-150x150.webp 150w, https:\/\/eko-agro.pl\/wp-content\/uploads\/2025\/03\/pszenzyto1-768x768.webp 768w, https:\/\/eko-agro.pl\/wp-content\/uploads\/2025\/03\/pszenzyto1-600x600.webp 600w, https:\/\/eko-agro.pl\/wp-content\/uploads\/2025\/03\/pszenzyto1.webp 1026w\" sizes=\"(max-width: 640px) 100vw, 640px\" \/>\t\t\t\t\t\t\t\t\t\t\t\t\t\t\t<\/div>\n\t\t\t\t<\/div>\n\t\t\t\t<\/div>\n\t\t<div class=\"elementor-element elementor-element-fbbe504 e-con-full e-flex e-con e-child\" data-id=\"fbbe504\" data-element_type=\"container\">\n\t\t\t\t<div class=\"elementor-element elementor-element-fbeb4f2 elementor-widget elementor-widget-text-editor\" data-id=\"fbeb4f2\" data-element_type=\"widget\" data-widget_type=\"text-editor.default\">\n\t\t\t\t<div class=\"elementor-widget-container\">\n\t\t\t\t\t\t\t\t\t<h3 data-start=\"725\" data-end=\"765\">Firmy oferuj\u0105ce nasiona pszen\u017cyta:<\/h3><ul data-start=\"767\" data-end=\"1176\"><li data-start=\"767\" data-end=\"843\"><strong data-start=\"769\" data-end=\"776\">KWS<\/strong> \u2013 Producent odmian pszen\u017cyta o wysokiej wydajno\u015bci i odporno\u015bci.<\/li><li data-start=\"844\" data-end=\"957\"><strong data-start=\"846\" data-end=\"860\">HR Smolice<\/strong> \u2013 Firma dostarczaj\u0105ca sprawdzone odmiany pszen\u017cyta, dostosowane do r\u00f3\u017cnych warunk\u00f3w glebowych.<\/li><li data-start=\"958\" data-end=\"1062\"><strong data-start=\"960\" data-end=\"969\">Danko<\/strong> \u2013 Producent wysokoplennych odmian pszen\u017cyta, odpornych na choroby i warunki atmosferyczne.<\/li><li data-start=\"1063\" data-end=\"1176\"><strong data-start=\"1065\" data-end=\"1081\">Saatbau Linz<\/strong> \u2013 Firma oferuj\u0105ca odmiany pszen\u017cyta o wysokiej zawarto\u015bci bia\u0142ka, idealne do produkcji pasz.<\/li><\/ul><p data-start=\"1178\" data-end=\"1339\" data-is-last-node=\"\" data-is-only-node=\"\">Pszen\u017cyto to wszechstronne zbo\u017ce, kt\u00f3re sprawdza si\u0119 w r\u00f3\u017cnych systemach uprawy, zapewniaj\u0105c dobre plony i warto\u015bciowe ziarno do pasz oraz przemys\u0142u spo\u017cywczego.<\/p>\t\t\t\t\t\t\t\t<\/div>\n\t\t\t\t<\/div>\n\t\t\t\t<\/div>\n\t\t\t\t\t<\/div>\n\t\t\t\t<\/div>\n\t\t\t\t<\/div>\n\t\t","protected":false},"excerpt":{"rendered":"<p>Pszen\u017cyto \u2013 Wydajne i odporne zbo\u017ce Pszen\u017cyto to zbo\u017ce b\u0119d\u0105ce krzy\u017c\u00f3wk\u0105 pszenicy i \u017cyta, \u0142\u0105cz\u0105ce w sobie cechy obu gatunk\u00f3w. Jest cenione za wysok\u0105 odporno\u015b\u0107 na trudne warunki glebowe oraz dobre plonowanie. Znajduje zastosowanie zar\u00f3wno w produkcji paszowej, jak i w przemy\u015ble spo\u017cywczym. Zalety pszen\u017cyta: \u2714 Wysoka odporno\u015b\u0107 \u2013 Dobrze znosi niskie temperatury, ubogie gleby oraz okresowe susze.\u2714 Dobre plonowanie [&hellip;]<\/p>\n","protected":false},"author":1,"featured_media":0,"parent":0,"menu_order":0,"comment_status":"closed","ping_status":"closed","template":"","meta":{"_regular_price":[],"currency_symbol":[],"footnotes":""},"class_list":["post-303","page","type-page","status-publish","hentry"],"post_slider_layout_featured_media_urls":{"thumbnail":"","post_slider_layout_landscape_large":"","post_slider_layout_portrait_large":"","post_slider_layout_square_large":"","post_slider_layout_landscape":"","post_slider_layout_portrait":"","post_slider_layout_square":"","full":""},"yoast_head":"<!-- This site is optimized with the Yoast SEO plugin v24.6 - https:\/\/yoast.com\/wordpress\/plugins\/seo\/ -->\n<title>Pszen\u017cyto - eko-agro.pl<\/title>\n<meta name=\"robots\" content=\"index, follow, max-snippet:-1, max-image-preview:large, max-video-preview:-1\" \/>\n<link rel=\"canonical\" href=\"https:\/\/eko-agro.pl\/?page_id=303\" \/>\n<meta property=\"og:locale\" content=\"pl_PL\" \/>\n<meta property=\"og:type\" content=\"article\" \/>\n<meta property=\"og:title\" content=\"Pszen\u017cyto - eko-agro.pl\" \/>\n<meta property=\"og:description\" content=\"Pszen\u017cyto \u2013 Wydajne i odporne zbo\u017ce Pszen\u017cyto to zbo\u017ce b\u0119d\u0105ce krzy\u017c\u00f3wk\u0105 pszenicy i \u017cyta, \u0142\u0105cz\u0105ce w sobie cechy obu gatunk\u00f3w. Jest cenione za wysok\u0105 odporno\u015b\u0107 na trudne warunki glebowe oraz dobre plonowanie. Znajduje zastosowanie zar\u00f3wno w produkcji paszowej, jak i w przemy\u015ble spo\u017cywczym. Zalety pszen\u017cyta: \u2714 Wysoka odporno\u015b\u0107 \u2013 Dobrze znosi niskie temperatury, ubogie gleby oraz okresowe susze.\u2714 Dobre plonowanie [&hellip;]\" \/>\n<meta property=\"og:url\" content=\"https:\/\/eko-agro.pl\/?page_id=303\" \/>\n<meta property=\"og:site_name\" content=\"eko-agro.pl\" \/>\n<meta property=\"article:modified_time\" content=\"2025-03-07T12:47:45+00:00\" \/>\n<meta property=\"og:image\" content=\"https:\/\/eko-agro.pl\/wp-content\/uploads\/2025\/03\/pszenzyto.jpg\" \/>\n\t<meta property=\"og:image:width\" content=\"2048\" \/>\n\t<meta property=\"og:image:height\" content=\"1581\" \/>\n\t<meta property=\"og:image:type\" content=\"image\/jpeg\" \/>\n<meta name=\"twitter:card\" content=\"summary_large_image\" \/>\n<meta name=\"twitter:label1\" content=\"Szacowany czas czytania\" \/>\n\t<meta name=\"twitter:data1\" content=\"2 minuty\" \/>\n<script type=\"application\/ld+json\" class=\"yoast-schema-graph\">{\"@context\":\"https:\/\/schema.org\",\"@graph\":[{\"@type\":\"WebPage\",\"@id\":\"https:\/\/eko-agro.pl\/?page_id=303\",\"url\":\"https:\/\/eko-agro.pl\/?page_id=303\",\"name\":\"Pszen\u017cyto - eko-agro.pl\",\"isPartOf\":{\"@id\":\"https:\/\/eko-agro.pl\/#website\"},\"primaryImageOfPage\":{\"@id\":\"https:\/\/eko-agro.pl\/?page_id=303#primaryimage\"},\"image\":{\"@id\":\"https:\/\/eko-agro.pl\/?page_id=303#primaryimage\"},\"thumbnailUrl\":\"https:\/\/eko-agro.pl\/wp-content\/uploads\/2025\/03\/pszenzyto-1024x791.jpg\",\"datePublished\":\"2025-03-07T12:42:38+00:00\",\"dateModified\":\"2025-03-07T12:47:45+00:00\",\"breadcrumb\":{\"@id\":\"https:\/\/eko-agro.pl\/?page_id=303#breadcrumb\"},\"inLanguage\":\"pl-PL\",\"potentialAction\":[{\"@type\":\"ReadAction\",\"target\":[\"https:\/\/eko-agro.pl\/?page_id=303\"]}]},{\"@type\":\"ImageObject\",\"inLanguage\":\"pl-PL\",\"@id\":\"https:\/\/eko-agro.pl\/?page_id=303#primaryimage\",\"url\":\"https:\/\/eko-agro.pl\/wp-content\/uploads\/2025\/03\/pszenzyto.jpg\",\"contentUrl\":\"https:\/\/eko-agro.pl\/wp-content\/uploads\/2025\/03\/pszenzyto.jpg\",\"width\":2048,\"height\":1581},{\"@type\":\"BreadcrumbList\",\"@id\":\"https:\/\/eko-agro.pl\/?page_id=303#breadcrumb\",\"itemListElement\":[{\"@type\":\"ListItem\",\"position\":1,\"name\":\"Strona g\u0142\u00f3wna\",\"item\":\"https:\/\/eko-agro.pl\/\"},{\"@type\":\"ListItem\",\"position\":2,\"name\":\"Pszen\u017cyto\"}]},{\"@type\":\"WebSite\",\"@id\":\"https:\/\/eko-agro.pl\/#website\",\"url\":\"https:\/\/eko-agro.pl\/\",\"name\":\"eko-agro.pl\",\"description\":\"\",\"publisher\":{\"@id\":\"https:\/\/eko-agro.pl\/#organization\"},\"potentialAction\":[{\"@type\":\"SearchAction\",\"target\":{\"@type\":\"EntryPoint\",\"urlTemplate\":\"https:\/\/eko-agro.pl\/?s={search_term_string}\"},\"query-input\":{\"@type\":\"PropertyValueSpecification\",\"valueRequired\":true,\"valueName\":\"search_term_string\"}}],\"inLanguage\":\"pl-PL\"},{\"@type\":\"Organization\",\"@id\":\"https:\/\/eko-agro.pl\/#organization\",\"name\":\"eko-agro.pl\",\"url\":\"https:\/\/eko-agro.pl\/\",\"logo\":{\"@type\":\"ImageObject\",\"inLanguage\":\"pl-PL\",\"@id\":\"https:\/\/eko-agro.pl\/#\/schema\/logo\/image\/\",\"url\":\"https:\/\/eko-agro.pl\/wp-content\/uploads\/2025\/03\/eko-agro_logo.png\",\"contentUrl\":\"https:\/\/eko-agro.pl\/wp-content\/uploads\/2025\/03\/eko-agro_logo.png\",\"width\":400,\"height\":103,\"caption\":\"eko-agro.pl\"},\"image\":{\"@id\":\"https:\/\/eko-agro.pl\/#\/schema\/logo\/image\/\"}}]}<\/script>\n<!-- \/ Yoast SEO plugin. -->","yoast_head_json":{"title":"Pszen\u017cyto - eko-agro.pl","robots":{"index":"index","follow":"follow","max-snippet":"max-snippet:-1","max-image-preview":"max-image-preview:large","max-video-preview":"max-video-preview:-1"},"canonical":"https:\/\/eko-agro.pl\/?page_id=303","og_locale":"pl_PL","og_type":"article","og_title":"Pszen\u017cyto - eko-agro.pl","og_description":"Pszen\u017cyto \u2013 Wydajne i odporne zbo\u017ce Pszen\u017cyto to zbo\u017ce b\u0119d\u0105ce krzy\u017c\u00f3wk\u0105 pszenicy i \u017cyta, \u0142\u0105cz\u0105ce w sobie cechy obu gatunk\u00f3w. Jest cenione za wysok\u0105 odporno\u015b\u0107 na trudne warunki glebowe oraz dobre plonowanie. Znajduje zastosowanie zar\u00f3wno w produkcji paszowej, jak i w przemy\u015ble spo\u017cywczym. Zalety pszen\u017cyta: \u2714 Wysoka odporno\u015b\u0107 \u2013 Dobrze znosi niskie temperatury, ubogie gleby oraz okresowe susze.\u2714 Dobre plonowanie [&hellip;]","og_url":"https:\/\/eko-agro.pl\/?page_id=303","og_site_name":"eko-agro.pl","article_modified_time":"2025-03-07T12:47:45+00:00","og_image":[{"width":2048,"height":1581,"url":"https:\/\/eko-agro.pl\/wp-content\/uploads\/2025\/03\/pszenzyto.jpg","type":"image\/jpeg"}],"twitter_card":"summary_large_image","twitter_misc":{"Szacowany czas czytania":"2 minuty"},"schema":{"@context":"https:\/\/schema.org","@graph":[{"@type":"WebPage","@id":"https:\/\/eko-agro.pl\/?page_id=303","url":"https:\/\/eko-agro.pl\/?page_id=303","name":"Pszen\u017cyto - eko-agro.pl","isPartOf":{"@id":"https:\/\/eko-agro.pl\/#website"},"primaryImageOfPage":{"@id":"https:\/\/eko-agro.pl\/?page_id=303#primaryimage"},"image":{"@id":"https:\/\/eko-agro.pl\/?page_id=303#primaryimage"},"thumbnailUrl":"https:\/\/eko-agro.pl\/wp-content\/uploads\/2025\/03\/pszenzyto-1024x791.jpg","datePublished":"2025-03-07T12:42:38+00:00","dateModified":"2025-03-07T12:47:45+00:00","breadcrumb":{"@id":"https:\/\/eko-agro.pl\/?page_id=303#breadcrumb"},"inLanguage":"pl-PL","potentialAction":[{"@type":"ReadAction","target":["https:\/\/eko-agro.pl\/?page_id=303"]}]},{"@type":"ImageObject","inLanguage":"pl-PL","@id":"https:\/\/eko-agro.pl\/?page_id=303#primaryimage","url":"https:\/\/eko-agro.pl\/wp-content\/uploads\/2025\/03\/pszenzyto.jpg","contentUrl":"https:\/\/eko-agro.pl\/wp-content\/uploads\/2025\/03\/pszenzyto.jpg","width":2048,"height":1581},{"@type":"BreadcrumbList","@id":"https:\/\/eko-agro.pl\/?page_id=303#breadcrumb","itemListElement":[{"@type":"ListItem","position":1,"name":"Strona g\u0142\u00f3wna","item":"https:\/\/eko-agro.pl\/"},{"@type":"ListItem","position":2,"name":"Pszen\u017cyto"}]},{"@type":"WebSite","@id":"https:\/\/eko-agro.pl\/#website","url":"https:\/\/eko-agro.pl\/","name":"eko-agro.pl","description":"","publisher":{"@id":"https:\/\/eko-agro.pl\/#organization"},"potentialAction":[{"@type":"SearchAction","target":{"@type":"EntryPoint","urlTemplate":"https:\/\/eko-agro.pl\/?s={search_term_string}"},"query-input":{"@type":"PropertyValueSpecification","valueRequired":true,"valueName":"search_term_string"}}],"inLanguage":"pl-PL"},{"@type":"Organization","@id":"https:\/\/eko-agro.pl\/#organization","name":"eko-agro.pl","url":"https:\/\/eko-agro.pl\/","logo":{"@type":"ImageObject","inLanguage":"pl-PL","@id":"https:\/\/eko-agro.pl\/#\/schema\/logo\/image\/","url":"https:\/\/eko-agro.pl\/wp-content\/uploads\/2025\/03\/eko-agro_logo.png","contentUrl":"https:\/\/eko-agro.pl\/wp-content\/uploads\/2025\/03\/eko-agro_logo.png","width":400,"height":103,"caption":"eko-agro.pl"},"image":{"@id":"https:\/\/eko-agro.pl\/#\/schema\/logo\/image\/"}}]}},"_links":{"self":[{"href":"https:\/\/eko-agro.pl\/index.php?rest_route=\/wp\/v2\/pages\/303","targetHints":{"allow":["GET"]}}],"collection":[{"href":"https:\/\/eko-agro.pl\/index.php?rest_route=\/wp\/v2\/pages"}],"about":[{"href":"https:\/\/eko-agro.pl\/index.php?rest_route=\/wp\/v2\/types\/page"}],"author":[{"embeddable":true,"href":"https:\/\/eko-agro.pl\/index.php?rest_route=\/wp\/v2\/users\/1"}],"replies":[{"embeddable":true,"href":"https:\/\/eko-agro.pl\/index.php?rest_route=%2Fwp%2Fv2%2Fcomments&post=303"}],"version-history":[{"count":4,"href":"https:\/\/eko-agro.pl\/index.php?rest_route=\/wp\/v2\/pages\/303\/revisions"}],"predecessor-version":[{"id":312,"href":"https:\/\/eko-agro.pl\/index.php?rest_route=\/wp\/v2\/pages\/303\/revisions\/312"}],"wp:attachment":[{"href":"https:\/\/eko-agro.pl\/index.php?rest_route=%2Fwp%2Fv2%2Fmedia&parent=303"}],"curies":[{"name":"wp","href":"https:\/\/api.w.org\/{rel}","templated":true}]}}