{"id":75,"date":"2025-03-05T15:23:45","date_gmt":"2025-03-05T14:23:45","guid":{"rendered":"https:\/\/eko-agro.pl\/?page_id=75"},"modified":"2025-03-06T15:44:31","modified_gmt":"2025-03-06T14:44:31","slug":"sorgi","status":"publish","type":"page","link":"https:\/\/eko-agro.pl\/?page_id=75","title":{"rendered":"Sorgi"},"content":{"rendered":"\t\t<div data-elementor-type=\"wp-page\" data-elementor-id=\"75\" class=\"elementor elementor-75\">\n\t\t\t\t<div class=\"elementor-element elementor-element-d050dcd e-flex e-con-boxed e-con e-parent\" data-id=\"d050dcd\" data-element_type=\"container\">\n\t\t\t\t\t<div class=\"e-con-inner\">\n\t\t<div class=\"elementor-element elementor-element-8078fca e-con-full e-flex e-con e-child\" data-id=\"8078fca\" data-element_type=\"container\">\n\t\t\t\t<div class=\"elementor-element elementor-element-7ef2080 elementor-widget elementor-widget-text-editor\" data-id=\"7ef2080\" data-element_type=\"widget\" data-widget_type=\"text-editor.default\">\n\t\t\t\t<div class=\"elementor-widget-container\">\n\t\t\t\t\t\t\t\t\t<h3 data-start=\"0\" data-end=\"49\">Sorgo \u2013 ro\u015blina o du\u017cym potencjale w uprawach<\/h3><p data-start=\"51\" data-end=\"480\">Sorgo (Sorghum) to ro\u015blina z rodziny traw, kt\u00f3ra zdobywa coraz wi\u0119ksz\u0105 popularno\u015b\u0107 w rolnictwie dzi\u0119ki swoim wyj\u0105tkowym w\u0142a\u015bciwo\u015bciom. Jest cenione za odporno\u015b\u0107 na susz\u0119, wysok\u0105 wydajno\u015b\u0107 oraz wszechstronno\u015b\u0107 zastosowania. Uprawy sorgo mog\u0105 by\u0107 wykorzystywane w r\u00f3\u017cnych celach \u2013 od produkcji pasz, przez biogaz, a\u017c po przemys\u0142 spo\u017cywczy. Dzi\u0119ki swoim zaletom, sorgo staje si\u0119 coraz bardziej popularnym wyborem w uprawach rolnych.<\/p><h2 data-start=\"482\" data-end=\"503\">Zastosowanie sorgo<\/h2><p data-start=\"505\" data-end=\"1332\">\u2714 <strong data-start=\"507\" data-end=\"525\">Produkcja pasz<\/strong> \u2013 sorgo jest doskona\u0142ym materia\u0142em paszowym dla zwierz\u0105t, szczeg\u00f3lnie w postaci zielonki lub kiszonki. Ro\u015bliny te charakteryzuj\u0105 si\u0119 wysok\u0105 zawarto\u015bci\u0105 w\u0142\u00f3kna i energii, co sprawia, \u017ce stanowi\u0105 cenn\u0105 pasz\u0119 dla byd\u0142a i innych zwierz\u0105t hodowlanych.<br data-start=\"772\" data-end=\"775\" \/>\u2714 <strong data-start=\"777\" data-end=\"798\">Produkcja biogazu<\/strong> \u2013 sorgo, szczeg\u00f3lnie odmiany o du\u017cej biomase, wykorzystywane jest w produkcji biogazu. Jego szybki wzrost i du\u017ca zawarto\u015b\u0107 cukr\u00f3w sprawiaj\u0105, \u017ce jest doskona\u0142\u0105 ro\u015blin\u0105 do produkcji energii odnawialnej.<br data-start=\"999\" data-end=\"1002\" \/>\u2714 <strong data-start=\"1004\" data-end=\"1024\">Produkcja nasion<\/strong> \u2013 niekt\u00f3re odmiany sorgo uprawia si\u0119 tak\u017ce na ziarno, kt\u00f3re jest u\u017cywane do produkcji m\u0105ki, paszy, a tak\u017ce napoj\u00f3w alkoholowych w niekt\u00f3rych regionach \u015bwiata.<br data-start=\"1183\" data-end=\"1186\" data-is-only-node=\"\" \/>\u2714 <strong data-start=\"1188\" data-end=\"1210\">Uprawy na zielonki<\/strong> \u2013 sorgo mo\u017ce by\u0107 uprawiane na zielonki, stanowi\u0105c pasz\u0119 energetyczn\u0105, szczeg\u00f3lnie w miejscach z ograniczon\u0105 ilo\u015bci\u0105 wody.<\/p>\t\t\t\t\t\t\t\t<\/div>\n\t\t\t\t<\/div>\n\t\t\t\t<\/div>\n\t\t<div class=\"elementor-element elementor-element-4996047 e-con-full e-flex e-con e-child\" data-id=\"4996047\" data-element_type=\"container\">\n\t\t\t\t<div class=\"elementor-element elementor-element-7b7981d elementor-widget elementor-widget-image\" data-id=\"7b7981d\" data-element_type=\"widget\" data-widget_type=\"image.default\">\n\t\t\t\t<div class=\"elementor-widget-container\">\n\t\t\t\t\t\t\t\t\t\t\t\t\t\t\t<img fetchpriority=\"high\" decoding=\"async\" width=\"640\" height=\"640\" src=\"https:\/\/eko-agro.pl\/wp-content\/uploads\/2025\/03\/Sorgro-czerwone-1024x1024.jpg\" class=\"attachment-large size-large wp-image-239\" alt=\"\" srcset=\"https:\/\/eko-agro.pl\/wp-content\/uploads\/2025\/03\/Sorgro-czerwone-1024x1024.jpg 1024w, https:\/\/eko-agro.pl\/wp-content\/uploads\/2025\/03\/Sorgro-czerwone-300x300.jpg 300w, https:\/\/eko-agro.pl\/wp-content\/uploads\/2025\/03\/Sorgro-czerwone-150x150.jpg 150w, https:\/\/eko-agro.pl\/wp-content\/uploads\/2025\/03\/Sorgro-czerwone-768x768.jpg 768w, https:\/\/eko-agro.pl\/wp-content\/uploads\/2025\/03\/Sorgro-czerwone-1536x1536.jpg 1536w, https:\/\/eko-agro.pl\/wp-content\/uploads\/2025\/03\/Sorgro-czerwone-1200x1200.jpg 1200w, https:\/\/eko-agro.pl\/wp-content\/uploads\/2025\/03\/Sorgro-czerwone-600x600.jpg 600w, https:\/\/eko-agro.pl\/wp-content\/uploads\/2025\/03\/Sorgro-czerwone.jpg 2048w\" sizes=\"(max-width: 640px) 100vw, 640px\" \/>\t\t\t\t\t\t\t\t\t\t\t\t\t\t\t<\/div>\n\t\t\t\t<\/div>\n\t\t\t\t<\/div>\n\t\t<div class=\"elementor-element elementor-element-f9eaeab e-con-full e-flex e-con e-child\" data-id=\"f9eaeab\" data-element_type=\"container\">\n\t\t\t\t<div class=\"elementor-element elementor-element-1f77ca5 elementor-widget elementor-widget-image\" data-id=\"1f77ca5\" data-element_type=\"widget\" data-widget_type=\"image.default\">\n\t\t\t\t<div class=\"elementor-widget-container\">\n\t\t\t\t\t\t\t\t\t\t\t\t\t\t\t<img decoding=\"async\" width=\"640\" height=\"640\" src=\"https:\/\/eko-agro.pl\/wp-content\/uploads\/2025\/03\/Sorgo-biale.png\" class=\"attachment-large size-large wp-image-240\" alt=\"\" srcset=\"https:\/\/eko-agro.pl\/wp-content\/uploads\/2025\/03\/Sorgo-biale.png 997w, https:\/\/eko-agro.pl\/wp-content\/uploads\/2025\/03\/Sorgo-biale-300x300.png 300w, https:\/\/eko-agro.pl\/wp-content\/uploads\/2025\/03\/Sorgo-biale-150x150.png 150w, https:\/\/eko-agro.pl\/wp-content\/uploads\/2025\/03\/Sorgo-biale-768x768.png 768w, https:\/\/eko-agro.pl\/wp-content\/uploads\/2025\/03\/Sorgo-biale-600x600.png 600w\" sizes=\"(max-width: 640px) 100vw, 640px\" \/>\t\t\t\t\t\t\t\t\t\t\t\t\t\t\t<\/div>\n\t\t\t\t<\/div>\n\t\t\t\t<\/div>\n\t\t<div class=\"elementor-element elementor-element-692a162 e-con-full e-flex e-con e-child\" data-id=\"692a162\" data-element_type=\"container\">\n\t\t\t\t<div class=\"elementor-element elementor-element-4208209 elementor-widget elementor-widget-text-editor\" data-id=\"4208209\" data-element_type=\"widget\" data-widget_type=\"text-editor.default\">\n\t\t\t\t<div class=\"elementor-widget-container\">\n\t\t\t\t\t\t\t\t\t<h2 data-start=\"1334\" data-end=\"1365\">Cechy wysokiej jako\u015bci sorgo<\/h2><p data-start=\"1367\" data-end=\"2242\">\u2714 <strong data-start=\"1369\" data-end=\"1391\">Odporno\u015b\u0107 na susz\u0119<\/strong> \u2013 jedn\u0105 z g\u0142\u00f3wnych zalet sorgo jest jego odporno\u015b\u0107 na susz\u0119. Ro\u015blina ta jest w stanie przetrwa\u0107 w trudnych warunkach klimatycznych, co sprawia, \u017ce jest idealnym wyborem do upraw w rejonach o niewielkich opadach.<br data-start=\"1603\" data-end=\"1606\" \/>\u2714 <strong data-start=\"1608\" data-end=\"1628\">Wysoka wydajno\u015b\u0107<\/strong> \u2013 sorgo charakteryzuje si\u0119 wysok\u0105 produktywno\u015bci\u0105, zar\u00f3wno pod wzgl\u0119dem biomasy, jak i plon\u00f3w ziarna. W sprzyjaj\u0105cych warunkach mo\u017ce osi\u0105gn\u0105\u0107 bardzo wysokie plony.<br data-start=\"1792\" data-end=\"1795\" \/>\u2714 <strong data-start=\"1797\" data-end=\"1825\">Niska potrzeba nawo\u017cenia<\/strong> \u2013 sorgo ma stosunkowo niskie wymagania nawozowe w por\u00f3wnaniu do innych ro\u015blin uprawnych, co czyni je korzystnym wyborem dla gospodarstw rolnych poszukuj\u0105cych bardziej ekologicznych upraw.<br data-start=\"2013\" data-end=\"2016\" data-is-only-node=\"\" \/>\u2714 <strong data-start=\"2018\" data-end=\"2043\">Wszechstronno\u015b\u0107 upraw<\/strong> \u2013 ro\u015blina ta mo\u017ce by\u0107 uprawiana na r\u00f3\u017cnych typach gleb, od piaszczystych po gliniaste, a jej elastyczno\u015b\u0107 w dostosowaniu do warunk\u00f3w klimatycznych sprawia, \u017ce jest \u0142atwa w uprawie w wielu regionach.<\/p><h2 data-start=\"2244\" data-end=\"2285\">Wsp\u00f3\u0142praca z producentami nasion sorgo<\/h2><p data-start=\"2287\" data-end=\"2351\">Oferujemy nasiona sorgo od renomowanych producent\u00f3w, takich jak:<\/p><p data-start=\"2353\" data-end=\"2933\">\ud83c\udf3e <strong data-start=\"2356\" data-end=\"2372\">Saatbau Linz<\/strong> \u2013 firma specjalizuj\u0105ca si\u0119 w produkcji nasion sorgo, kt\u00f3re charakteryzuj\u0105 si\u0119 odporno\u015bci\u0105 na stresy \u015brodowiskowe oraz du\u017c\u0105 plonotw\u00f3rczo\u015bci\u0105.<br data-start=\"2513\" data-end=\"2516\" \/>\ud83c\udf3e <strong data-start=\"2519\" data-end=\"2535\">Saaten Union<\/strong> \u2013 oferuj\u0105ca szerok\u0105 gam\u0119 odmian sorgo, dostosowanych do r\u00f3\u017cnych warunk\u00f3w klimatycznych i glebowych.<br data-start=\"2635\" data-end=\"2638\" \/>\ud83c\udf3e <strong data-start=\"2641\" data-end=\"2648\">KWS<\/strong> \u2013 dostawca nasion sorgo, kt\u00f3ry oferuje odmiany charakteryzuj\u0105ce si\u0119 wysok\u0105 jako\u015bci\u0105 ziarna i biomasy, idealne do wykorzystania w produkcji pasz i biogazu.<br data-start=\"2803\" data-end=\"2806\" data-is-only-node=\"\" \/>\ud83c\udf3e <strong data-start=\"2809\" data-end=\"2821\">Syngenta<\/strong> \u2013 producent nasion sorgo odpornych na choroby i zmienne warunki pogodowe, zapewniaj\u0105cych wysok\u0105 jako\u015b\u0107 upraw.<\/p><h3 data-start=\"2935\" data-end=\"2973\">Profesjonalne doradztwo i sprzeda\u017c<\/h3><p data-start=\"2975\" data-end=\"3203\">Dob\u00f3r odpowiednich odmian sorgo zale\u017cy od celu uprawy (pasza, biogaz, ziarno) oraz warunk\u00f3w klimatycznych i glebowych. Oferujemy fachowe doradztwo w zakresie wyboru nasion sorgo, aby zapewni\u0107 optymalny plon i skuteczno\u015b\u0107 uprawy.<\/p>\t\t\t\t\t\t\t\t<\/div>\n\t\t\t\t<\/div>\n\t\t\t\t<\/div>\n\t\t\t\t\t<\/div>\n\t\t\t\t<\/div>\n\t\t\t\t<\/div>\n\t\t","protected":false},"excerpt":{"rendered":"<p>Sorgo \u2013 ro\u015blina o du\u017cym potencjale w uprawach Sorgo (Sorghum) to ro\u015blina z rodziny traw, kt\u00f3ra zdobywa coraz wi\u0119ksz\u0105 popularno\u015b\u0107 w rolnictwie dzi\u0119ki swoim wyj\u0105tkowym w\u0142a\u015bciwo\u015bciom. Jest cenione za odporno\u015b\u0107 na susz\u0119, wysok\u0105 wydajno\u015b\u0107 oraz wszechstronno\u015b\u0107 zastosowania. Uprawy sorgo mog\u0105 by\u0107 wykorzystywane w r\u00f3\u017cnych celach \u2013 od produkcji pasz, przez biogaz, a\u017c po przemys\u0142 spo\u017cywczy. Dzi\u0119ki swoim zaletom, sorgo staje [&hellip;]<\/p>\n","protected":false},"author":1,"featured_media":0,"parent":0,"menu_order":0,"comment_status":"closed","ping_status":"closed","template":"","meta":{"_regular_price":[],"currency_symbol":[],"footnotes":""},"class_list":["post-75","page","type-page","status-publish","hentry"],"post_slider_layout_featured_media_urls":{"thumbnail":"","post_slider_layout_landscape_large":"","post_slider_layout_portrait_large":"","post_slider_layout_square_large":"","post_slider_layout_landscape":"","post_slider_layout_portrait":"","post_slider_layout_square":"","full":""},"yoast_head":"<!-- This site is optimized with the Yoast SEO plugin v24.6 - https:\/\/yoast.com\/wordpress\/plugins\/seo\/ -->\n<title>Sorgi - eko-agro.pl<\/title>\n<meta name=\"robots\" content=\"index, follow, max-snippet:-1, max-image-preview:large, max-video-preview:-1\" \/>\n<link rel=\"canonical\" href=\"https:\/\/eko-agro.pl\/?page_id=75\" \/>\n<meta property=\"og:locale\" content=\"pl_PL\" \/>\n<meta property=\"og:type\" content=\"article\" \/>\n<meta property=\"og:title\" content=\"Sorgi - eko-agro.pl\" \/>\n<meta property=\"og:description\" content=\"Sorgo \u2013 ro\u015blina o du\u017cym potencjale w uprawach Sorgo (Sorghum) to ro\u015blina z rodziny traw, kt\u00f3ra zdobywa coraz wi\u0119ksz\u0105 popularno\u015b\u0107 w rolnictwie dzi\u0119ki swoim wyj\u0105tkowym w\u0142a\u015bciwo\u015bciom. Jest cenione za odporno\u015b\u0107 na susz\u0119, wysok\u0105 wydajno\u015b\u0107 oraz wszechstronno\u015b\u0107 zastosowania. Uprawy sorgo mog\u0105 by\u0107 wykorzystywane w r\u00f3\u017cnych celach \u2013 od produkcji pasz, przez biogaz, a\u017c po przemys\u0142 spo\u017cywczy. Dzi\u0119ki swoim zaletom, sorgo staje [&hellip;]\" \/>\n<meta property=\"og:url\" content=\"https:\/\/eko-agro.pl\/?page_id=75\" \/>\n<meta property=\"og:site_name\" content=\"eko-agro.pl\" \/>\n<meta property=\"article:modified_time\" content=\"2025-03-06T14:44:31+00:00\" \/>\n<meta property=\"og:image\" content=\"https:\/\/eko-agro.pl\/wp-content\/uploads\/2025\/03\/Sorgro-czerwone.jpg\" \/>\n\t<meta property=\"og:image:width\" content=\"2048\" \/>\n\t<meta property=\"og:image:height\" content=\"2048\" \/>\n\t<meta property=\"og:image:type\" content=\"image\/jpeg\" \/>\n<meta name=\"twitter:card\" content=\"summary_large_image\" \/>\n<meta name=\"twitter:label1\" content=\"Szacowany czas czytania\" \/>\n\t<meta name=\"twitter:data1\" content=\"2 minuty\" \/>\n<script type=\"application\/ld+json\" class=\"yoast-schema-graph\">{\"@context\":\"https:\/\/schema.org\",\"@graph\":[{\"@type\":\"WebPage\",\"@id\":\"https:\/\/eko-agro.pl\/?page_id=75\",\"url\":\"https:\/\/eko-agro.pl\/?page_id=75\",\"name\":\"Sorgi - eko-agro.pl\",\"isPartOf\":{\"@id\":\"https:\/\/eko-agro.pl\/#website\"},\"primaryImageOfPage\":{\"@id\":\"https:\/\/eko-agro.pl\/?page_id=75#primaryimage\"},\"image\":{\"@id\":\"https:\/\/eko-agro.pl\/?page_id=75#primaryimage\"},\"thumbnailUrl\":\"https:\/\/eko-agro.pl\/wp-content\/uploads\/2025\/03\/Sorgro-czerwone-1024x1024.jpg\",\"datePublished\":\"2025-03-05T14:23:45+00:00\",\"dateModified\":\"2025-03-06T14:44:31+00:00\",\"breadcrumb\":{\"@id\":\"https:\/\/eko-agro.pl\/?page_id=75#breadcrumb\"},\"inLanguage\":\"pl-PL\",\"potentialAction\":[{\"@type\":\"ReadAction\",\"target\":[\"https:\/\/eko-agro.pl\/?page_id=75\"]}]},{\"@type\":\"ImageObject\",\"inLanguage\":\"pl-PL\",\"@id\":\"https:\/\/eko-agro.pl\/?page_id=75#primaryimage\",\"url\":\"https:\/\/eko-agro.pl\/wp-content\/uploads\/2025\/03\/Sorgro-czerwone.jpg\",\"contentUrl\":\"https:\/\/eko-agro.pl\/wp-content\/uploads\/2025\/03\/Sorgro-czerwone.jpg\",\"width\":2048,\"height\":2048},{\"@type\":\"BreadcrumbList\",\"@id\":\"https:\/\/eko-agro.pl\/?page_id=75#breadcrumb\",\"itemListElement\":[{\"@type\":\"ListItem\",\"position\":1,\"name\":\"Strona g\u0142\u00f3wna\",\"item\":\"https:\/\/eko-agro.pl\/\"},{\"@type\":\"ListItem\",\"position\":2,\"name\":\"Sorgi\"}]},{\"@type\":\"WebSite\",\"@id\":\"https:\/\/eko-agro.pl\/#website\",\"url\":\"https:\/\/eko-agro.pl\/\",\"name\":\"eko-agro.pl\",\"description\":\"\",\"publisher\":{\"@id\":\"https:\/\/eko-agro.pl\/#organization\"},\"potentialAction\":[{\"@type\":\"SearchAction\",\"target\":{\"@type\":\"EntryPoint\",\"urlTemplate\":\"https:\/\/eko-agro.pl\/?s={search_term_string}\"},\"query-input\":{\"@type\":\"PropertyValueSpecification\",\"valueRequired\":true,\"valueName\":\"search_term_string\"}}],\"inLanguage\":\"pl-PL\"},{\"@type\":\"Organization\",\"@id\":\"https:\/\/eko-agro.pl\/#organization\",\"name\":\"eko-agro.pl\",\"url\":\"https:\/\/eko-agro.pl\/\",\"logo\":{\"@type\":\"ImageObject\",\"inLanguage\":\"pl-PL\",\"@id\":\"https:\/\/eko-agro.pl\/#\/schema\/logo\/image\/\",\"url\":\"https:\/\/eko-agro.pl\/wp-content\/uploads\/2025\/03\/eko-agro_logo.png\",\"contentUrl\":\"https:\/\/eko-agro.pl\/wp-content\/uploads\/2025\/03\/eko-agro_logo.png\",\"width\":400,\"height\":103,\"caption\":\"eko-agro.pl\"},\"image\":{\"@id\":\"https:\/\/eko-agro.pl\/#\/schema\/logo\/image\/\"}}]}<\/script>\n<!-- \/ Yoast SEO plugin. -->","yoast_head_json":{"title":"Sorgi - eko-agro.pl","robots":{"index":"index","follow":"follow","max-snippet":"max-snippet:-1","max-image-preview":"max-image-preview:large","max-video-preview":"max-video-preview:-1"},"canonical":"https:\/\/eko-agro.pl\/?page_id=75","og_locale":"pl_PL","og_type":"article","og_title":"Sorgi - eko-agro.pl","og_description":"Sorgo \u2013 ro\u015blina o du\u017cym potencjale w uprawach Sorgo (Sorghum) to ro\u015blina z rodziny traw, kt\u00f3ra zdobywa coraz wi\u0119ksz\u0105 popularno\u015b\u0107 w rolnictwie dzi\u0119ki swoim wyj\u0105tkowym w\u0142a\u015bciwo\u015bciom. Jest cenione za odporno\u015b\u0107 na susz\u0119, wysok\u0105 wydajno\u015b\u0107 oraz wszechstronno\u015b\u0107 zastosowania. Uprawy sorgo mog\u0105 by\u0107 wykorzystywane w r\u00f3\u017cnych celach \u2013 od produkcji pasz, przez biogaz, a\u017c po przemys\u0142 spo\u017cywczy. Dzi\u0119ki swoim zaletom, sorgo staje [&hellip;]","og_url":"https:\/\/eko-agro.pl\/?page_id=75","og_site_name":"eko-agro.pl","article_modified_time":"2025-03-06T14:44:31+00:00","og_image":[{"width":2048,"height":2048,"url":"https:\/\/eko-agro.pl\/wp-content\/uploads\/2025\/03\/Sorgro-czerwone.jpg","type":"image\/jpeg"}],"twitter_card":"summary_large_image","twitter_misc":{"Szacowany czas czytania":"2 minuty"},"schema":{"@context":"https:\/\/schema.org","@graph":[{"@type":"WebPage","@id":"https:\/\/eko-agro.pl\/?page_id=75","url":"https:\/\/eko-agro.pl\/?page_id=75","name":"Sorgi - eko-agro.pl","isPartOf":{"@id":"https:\/\/eko-agro.pl\/#website"},"primaryImageOfPage":{"@id":"https:\/\/eko-agro.pl\/?page_id=75#primaryimage"},"image":{"@id":"https:\/\/eko-agro.pl\/?page_id=75#primaryimage"},"thumbnailUrl":"https:\/\/eko-agro.pl\/wp-content\/uploads\/2025\/03\/Sorgro-czerwone-1024x1024.jpg","datePublished":"2025-03-05T14:23:45+00:00","dateModified":"2025-03-06T14:44:31+00:00","breadcrumb":{"@id":"https:\/\/eko-agro.pl\/?page_id=75#breadcrumb"},"inLanguage":"pl-PL","potentialAction":[{"@type":"ReadAction","target":["https:\/\/eko-agro.pl\/?page_id=75"]}]},{"@type":"ImageObject","inLanguage":"pl-PL","@id":"https:\/\/eko-agro.pl\/?page_id=75#primaryimage","url":"https:\/\/eko-agro.pl\/wp-content\/uploads\/2025\/03\/Sorgro-czerwone.jpg","contentUrl":"https:\/\/eko-agro.pl\/wp-content\/uploads\/2025\/03\/Sorgro-czerwone.jpg","width":2048,"height":2048},{"@type":"BreadcrumbList","@id":"https:\/\/eko-agro.pl\/?page_id=75#breadcrumb","itemListElement":[{"@type":"ListItem","position":1,"name":"Strona g\u0142\u00f3wna","item":"https:\/\/eko-agro.pl\/"},{"@type":"ListItem","position":2,"name":"Sorgi"}]},{"@type":"WebSite","@id":"https:\/\/eko-agro.pl\/#website","url":"https:\/\/eko-agro.pl\/","name":"eko-agro.pl","description":"","publisher":{"@id":"https:\/\/eko-agro.pl\/#organization"},"potentialAction":[{"@type":"SearchAction","target":{"@type":"EntryPoint","urlTemplate":"https:\/\/eko-agro.pl\/?s={search_term_string}"},"query-input":{"@type":"PropertyValueSpecification","valueRequired":true,"valueName":"search_term_string"}}],"inLanguage":"pl-PL"},{"@type":"Organization","@id":"https:\/\/eko-agro.pl\/#organization","name":"eko-agro.pl","url":"https:\/\/eko-agro.pl\/","logo":{"@type":"ImageObject","inLanguage":"pl-PL","@id":"https:\/\/eko-agro.pl\/#\/schema\/logo\/image\/","url":"https:\/\/eko-agro.pl\/wp-content\/uploads\/2025\/03\/eko-agro_logo.png","contentUrl":"https:\/\/eko-agro.pl\/wp-content\/uploads\/2025\/03\/eko-agro_logo.png","width":400,"height":103,"caption":"eko-agro.pl"},"image":{"@id":"https:\/\/eko-agro.pl\/#\/schema\/logo\/image\/"}}]}},"_links":{"self":[{"href":"https:\/\/eko-agro.pl\/index.php?rest_route=\/wp\/v2\/pages\/75","targetHints":{"allow":["GET"]}}],"collection":[{"href":"https:\/\/eko-agro.pl\/index.php?rest_route=\/wp\/v2\/pages"}],"about":[{"href":"https:\/\/eko-agro.pl\/index.php?rest_route=\/wp\/v2\/types\/page"}],"author":[{"embeddable":true,"href":"https:\/\/eko-agro.pl\/index.php?rest_route=\/wp\/v2\/users\/1"}],"replies":[{"embeddable":true,"href":"https:\/\/eko-agro.pl\/index.php?rest_route=%2Fwp%2Fv2%2Fcomments&post=75"}],"version-history":[{"count":4,"href":"https:\/\/eko-agro.pl\/index.php?rest_route=\/wp\/v2\/pages\/75\/revisions"}],"predecessor-version":[{"id":243,"href":"https:\/\/eko-agro.pl\/index.php?rest_route=\/wp\/v2\/pages\/75\/revisions\/243"}],"wp:attachment":[{"href":"https:\/\/eko-agro.pl\/index.php?rest_route=%2Fwp%2Fv2%2Fmedia&parent=75"}],"curies":[{"name":"wp","href":"https:\/\/api.w.org\/{rel}","templated":true}]}}